
{"id":750,"date":"2018-05-24T20:37:56","date_gmt":"2018-05-24T18:37:56","guid":{"rendered":"http:\/\/www.geas.de\/?page_id=750"},"modified":"2018-05-24T20:39:38","modified_gmt":"2018-05-24T18:39:38","slug":"disclaimer","status":"publish","type":"page","link":"https:\/\/www.geas.de\/?page_id=750","title":{"rendered":"Disclaimer"},"content":{"rendered":"<h1>German Version\/Deutsche Version<\/h1>\n<h2>Disclaimer \u00e2\u20ac\u201c rechtliche Hinweise<\/h2>\n<p>\n<strong>1. Haftungsbeschr\u00c3\u00a4nkung<\/strong><br \/>\nDie Inhalte des Internetauftritts wurden mit gr\u00c3\u00b6\u00c3\u0178tm\u00c3\u00b6glicher Sorgfalt und nach bestem Gewissen erstellt. Dennoch \u00c3\u00bcbernimmt der Anbieter dieser Webseite keine Gew\u00c3\u00a4hr f\u00c3\u00bcr die Aktualit\u00c3\u00a4t, Vollst\u00c3\u00a4ndigkeit und Richtigkeit der bereitgestellten Seiten und Inhalte.<\/p>\n<p>Als Diensteanbieter ist der Anbieter dieser Webseite gem\u00c3\u00a4\u00c3\u0178 \u00c2\u00a7 7 Abs. 1 TMG f\u00c3\u00bcr eigene Inhalte und bereitgestellte Informationen auf diesen Seiten nach den allgemeinen Gesetzen verantwortlich; nach den \u00c2\u00a7\u00c2\u00a7 8 bis 10 TMG jedoch nicht verpflichtet, die \u00c3\u00bcbermittelten oder gespeicherten fremden Informationen zu \u00c3\u00bcberwachen. Eine Entfernung oder Sperrung dieser Inhalte erfolgt umgehend ab dem Zeitpunkt der Kenntnis einer konkreten Rechtsverletzung. Eine Haftung ist erst ab dem Zeitpunkt der Kenntniserlangung m\u00c3\u00b6glich.<\/p>\n<p><strong>2. Externe Links<\/strong><br \/>\nDie Webseite enth\u00c3\u00a4lt sog. \u00e2\u20ac\u017eexterne Links\u00e2\u20ac\u0153 (Verlinkungen) zu anderen Webseiten, auf deren Inhalt der Anbieter der Webseite keinen Einfluss hat. Aus diesem Grund kann der Anbieter f\u00c3\u00bcr diese Inhalte auch keine Gew\u00c3\u00a4hr \u00c3\u00bcbernehmen.<br \/>\nF\u00c3\u00bcr die Inhalte und Richtigkeit der bereitgestellten Informationen ist der jeweilige Anbieter der verlinkten Webseite verantwortlich. Zum Zeitpunkt der Verlinkung waren keine Rechtsverst\u00c3\u00b6\u00c3\u0178e erkennbar. Bei Bekanntwerden einer solchen Rechtsverletzung wird der Link umgehend entfernen. <\/p>\n<p><strong>3. Urheberrecht\/Leistungsschutzrecht<\/strong><br \/>\nDie auf dieser Webseite ver\u00c3\u00b6ffentlichten Inhalte, Werke und bereitgestellten Informationen unterliegen dem deutschen Urheberrecht und Leistungsschutzrecht. Jede Art der Vervielf\u00c3\u00a4ltigung, Bearbeitung, Verbreitung, Einspeicherung und jede Art der Verwertung au\u00c3\u0178erhalb der Grenzen des Urheberrechts bedarf der vorherigen schriftlichen Zustimmung des jeweiligen Rechteinhabers. Das unerlaubte Kopieren\/Speichern der bereitgestellten Informationen auf diesen Webseiten ist nicht gestattet und strafbar. <\/p>\n<p><strong>4. Datenschutz<\/strong><br \/>\nDurch den Besuch des Internetauftritts k\u00c3\u00b6nnen Informationen (Datum, Uhrzeit, aufgerufene Seite) \u00c3\u00bcber den Zugriff auf dem Server gespeichert werden. Es werden keine personenbezogenenen (z. B. Name, Anschrift oder E-Mail-Adresse) Daten, gespeichert.<\/p>\n<p>Sofern personenbezogene Daten erhoben werden, erfolgt dies, sofern m\u00c3\u00b6glich, nur mit dem vorherigen Einverst\u00c3\u00a4ndnis des Nutzers der Webseite. Eine Weitergabe der Daten an Dritte findet ohne ausdr\u00c3\u00bcckliche Zustimmung des Nutzers nicht statt.<\/p>\n<p>Der Anbieter weist darauf hin, dass die \u00c3\u0153bertragung von Daten im Internet (z. B. per E-Mail) Sicherheitsl\u00c3\u00bccken aufweisen und ein l\u00c3\u00bcckenloser Schutz der Daten vor dem Zugriff Dritter nicht gew\u00c3\u00a4hrleistet werden kann. Der Anbieter \u00c3\u00bcbernimmt keine Haftung f\u00c3\u00bcr die durch solche Sicherheitsl\u00c3\u00bccken entstandenen Sch\u00c3\u00a4den. <\/p>\n<p>Der Verwendung der Kontaktdaten durch Dritte zur gewerblichen Nutzung wird ausdr\u00c3\u00bccklich widersprochen. Es sei denn, der Anbieter hat zuvor seine schriftliche Einwilligung erteilt.<br \/>\nDer Anbieter beh\u00c3\u00a4lt sich rechtliche Schritte f\u00c3\u00bcr den Fall der unverlangten Zusendung von Werbeinformationen, z. B. durch Spam-Mails, vor.<br \/>\n<strong>Quelle<\/strong>: <a href=\"http:\/\/www.mustervorlage.net\/disclaimer-muster\/\">Muster Disclaimer<\/a><br \/>\n<\/p>\n<h1>English Version\/Englische Version<\/h1>\n<p><strong>Limitation of liability for internal content<\/strong><\/p>\n<p>The content of our website has been compiled with meticulous care and to the best of our knowledge. However, we cannot assume any liability for the up-to-dateness, completeness or accuracy of any of the pages.<\/p>\n<p>Pursuant to section 7, para. 1 of the TMG (Telemediengesetz \u00e2\u20ac\u201c  Tele Media Act by German law), we as service providers are liable for our own content on these pages in accordance with general laws. However, pursuant to sections 8 to 10 of the TMG, we as service providers are not under obligation to monitor external information provided or stored on our website. Once we have become aware of a specific infringement of the law, we will immediately remove the content in question. Any liability concerning this matter can only be assumed from the point in time at which the infringement becomes known to us.<\/p>\n<p><strong>Limitation of liability for external links<\/strong><\/p>\n<p>Our website contains links to the websites of third parties (\u00e2\u20ac\u017eexternal links\u00e2\u20ac\u0153). As the content of these websites is not under our control, we cannot assume any liability for such external content. In all cases, the provider of information of the linked websites is liable for the content and accuracy of the information provided. At the point in time when the links were placed, no infringements of the law were recognisable to us. As soon as an infringement of the law becomes known to us, we will immediately remove the link in question.<\/p>\n<p><strong>Copyright<\/strong><\/p>\n<p>The content and works published on this website are governed by the copyright laws of Germany. Any duplication, processing, distribution or any form of utilisation beyond the scope of copyright law shall require the prior written consent of the author or authors in question.<\/p>\n<p><strong>Data protection<\/strong><\/p>\n<p>A visit to our website can result in the storage on our server of information about the access (date, time, page accessed). This does not represent any analysis of personal data (e.g., name, address or e-mail address). If personal data are collected, this only occurs \u00e2\u20ac\u201c to the extent possible \u00e2\u20ac\u201c with the prior consent of the user of the website. Any forwarding of the data to third parties without the express consent of the user shall not take place.<\/p>\n<p>We would like to expressly point out that the transmission of data via the Internet (e.g., by e-mail) can offer security vulnerabilities. It is therefore impossible to safeguard the data completely against access by third parties. We cannot assume any liability for damages arising as a result of such security vulnerabilities.<\/p>\n<p>The use by third parties of all published contact details for the purpose of advertising is expressly excluded. We reserve the right to take legal steps in the case of the unsolicited sending of advertising information; e.g., by means of spam mail.<\/p>\n<p>Source: <a href=\"http:\/\/www.mustervorlage.net\/disclaimer-muster#Englisch\">Disclaimer on Mustervorlage.net<\/a><\/p>\n<p>\n","protected":false},"excerpt":{"rendered":"<p>German Version\/Deutsche Version Disclaimer \u00e2\u20ac\u201c rechtliche Hinweise 1. Haftungsbeschr\u00c3\u00a4nkung Die Inhalte des Internetauftritts wurden mit gr\u00c3\u00b6\u00c3\u0178tm\u00c3\u00b6glicher Sorgfalt und nach bestem Gewissen erstellt. Dennoch \u00c3\u00bcbernimmt der Anbieter dieser Webseite keine Gew\u00c3\u00a4hr f\u00c3\u00bcr die Aktualit\u00c3\u00a4t, Vollst\u00c3\u00a4ndigkeit und Richtigkeit der bereitgestellten Seiten und Inhalte. Als Diensteanbieter ist der Anbieter dieser Webseite gem\u00c3\u00a4\u00c3\u0178 \u00c2\u00a7 7 Abs. 1 TMG f\u00c3\u00bcr [&hellip;]<\/p>\n","protected":false},"author":8,"featured_media":0,"parent":0,"menu_order":97,"comment_status":"closed","ping_status":"open","template":"","meta":[],"_links":{"self":[{"href":"https:\/\/www.geas.de\/index.php?rest_route=\/wp\/v2\/pages\/750"}],"collection":[{"href":"https:\/\/www.geas.de\/index.php?rest_route=\/wp\/v2\/pages"}],"about":[{"href":"https:\/\/www.geas.de\/index.php?rest_route=\/wp\/v2\/types\/page"}],"author":[{"embeddable":true,"href":"https:\/\/www.geas.de\/index.php?rest_route=\/wp\/v2\/users\/8"}],"replies":[{"embeddable":true,"href":"https:\/\/www.geas.de\/index.php?rest_route=%2Fwp%2Fv2%2Fcomments&post=750"}],"version-history":[{"count":3,"href":"https:\/\/www.geas.de\/index.php?rest_route=\/wp\/v2\/pages\/750\/revisions"}],"predecessor-version":[{"id":753,"href":"https:\/\/www.geas.de\/index.php?rest_route=\/wp\/v2\/pages\/750\/revisions\/753"}],"wp:attachment":[{"href":"https:\/\/www.geas.de\/index.php?rest_route=%2Fwp%2Fv2%2Fmedia&parent=750"}],"curies":[{"name":"wp","href":"https:\/\/api.w.org\/{rel}","templated":true}]}}