
{"id":754,"date":"2018-05-24T20:48:19","date_gmt":"2018-05-24T18:48:19","guid":{"rendered":"http:\/\/www.geas.de\/?page_id=754"},"modified":"2018-05-24T21:47:43","modified_gmt":"2018-05-24T19:47:43","slug":"data-privacy-statement-datenschutzerklarung","status":"publish","type":"page","link":"https:\/\/www.geas.de\/?page_id=754","title":{"rendered":"Data Privacy Statement"},"content":{"rendered":"<h2>German Version\/Deutsche Version<\/h2>\n<p><strong>Allgemeine Datenschutzerkl\u00c3\u00a4rung<\/strong><\/p>\n<p>Durch die Nutzung unserer Website erkl\u00c3\u00a4ren Sie sich mit der Erhebung, Verarbeitung und Nutzung von Daten gem\u00c3\u00a4\u00c3\u0178 der nachfolgenden Beschreibung einverstanden. Unsere Website kann grunds\u00c3\u00a4tzlich ohne Registrierung besucht werden. Dabei werden Daten wie beispielsweise aufgerufene Seiten bzw. Namen der abgerufenen Datei, Datum und Uhrzeit zu statistischen Zwecken auf dem Server gespeichert, ohne dass diese Daten unmittelbar auf Ihre Person bezogen werden. Personenbezogene Daten, insbesondere Name, Adresse oder E-Mail-Adresse werden soweit m\u00c3\u00b6glich auf freiwilliger Basis erhoben. Ohne Ihre Einwilligung erfolgt keine Weitergabe der Daten an Dritte.<\/p>\n<p><strong>Datenschutzerkl\u00c3\u00a4rung f\u00c3\u00bcr Facebook<\/strong><\/p>\n<p>Unsere Website verwendet Funktionen von Facebook Inc., 1601 S. California Ave, Palo Alto, CA 94304, USA. Die Plugins sind an einem der Facebook Logos erkennbar (wei\u00c3\u0178es &#8220;f&#8221; auf blauem Hintergrund oder &#8220;Thump-up&#8221; -Zeichen) oder sind mit dem Zusatz &#8220;Facebook Social Plugin&#8221; gekennzeichnet. Die Liste und das Aussehen von Facebook Social Plugins finden Sie hier: de-de.developers.facebook.com\/plugins.<br \/>\nBei Aufruf unserer Seiten mit Facebook-Plug-Ins wird eine Verbindung zwischen Ihrem Browser und den Servern von Facebook aufgebaut. Dabei werden bereits Daten an Facebook \u00c3\u00bcbertragen. <\/p>\n<p>Besitzen Sie einen Facebook-Account, k\u00c3\u00b6nnen diese Daten damit verkn\u00c3\u00bcpft werden. Wenn Sie keine Zuordnung dieser Daten zu Ihrem Facebook-Account w\u00c3\u00bcnschen, loggen Sie sich bitte vor dem Besuch unserer Seite bei Facebook aus. Interaktionen, insbesondere das Nutzen einer Kommentarfunktion oder das Anklicken eines \u00e2\u20ac\u017eLike\u00e2\u20ac\u0153- oder \u00e2\u20ac\u017eTeilen\u00e2\u20ac\u0153-Buttons werden ebenfalls an Facebook weitergegeben. Mehr erfahren Sie unter <a href=\"https:\/\/de-de.facebook.com\/about\/privacy\">https:\/\/de-de.facebook.com\/about\/privacy<\/a>.<\/p>\n<p>Quelle: <a href=\"https:\/\/www.anwalt.de\/vorlage\/muster-datenschutzerklaerung.php\">Muster-Datenschutzerkl\u00c3\u00a4rung von anwalt.de<\/a><\/p>\n<h2>English Version\/Englische Version<\/h2>\n<p><strong>Data Privacy Statement<\/strong><\/p>\n<p>By using our website you consent to the collection, processing and use of data as described below. Our website can be visited without registration. This data such as pages called or name of the retrieved file, date and time are stored on the server for statistical purposes, without this data are directly related to your person. Personal data, in particular name, address or e-mail address are collected as far as possible on a voluntary basis. Without your consent, the data will not be passed on to third parties.<\/p>\n<p><strong>Disclaimer for Facebook (Facebook Social Plug-in)<\/strong><\/p>\n<p>Our website uses features of Facebook Inc., 1601 S. California Ave, Palo Alto, CA 94304, USA. The plugins are recognizable by one of the Facebook logos (white &#8220;f&#8221; on a blue background or &#8220;thump-up&#8221; sign) or are marked with the addition &#8220;Facebook Social Plugin&#8221;. The list and appearance of Facebook social plugins can be found here: developers.facebook.com\/plugins.<br \/>\nWhen you visit our pages with Facebook plug-ins, a connection is established between your browser and the Facebook servers. Data is already being transferred to Facebook.<\/p>\n<p>If you have a Facebook account, this data can be linked to it. If you do not wish to assign this data to your Facebook account, please log out of Facebook before visiting our page. Interactions, in particular the use of a comment function or the clicking on a &#8220;Like&#8221; or &#8220;Share&#8221; button are also passed on to Facebook. Learn more at <a href=\"https:\/\/www.facebook.com\/about\/privacy\"> https:\/\/www.facebook.com\/about\/privacy <\/a>.<\/p>\n","protected":false},"excerpt":{"rendered":"<p>German Version\/Deutsche Version Allgemeine Datenschutzerkl\u00c3\u00a4rung Durch die Nutzung unserer Website erkl\u00c3\u00a4ren Sie sich mit der Erhebung, Verarbeitung und Nutzung von Daten gem\u00c3\u00a4\u00c3\u0178 der nachfolgenden Beschreibung einverstanden. Unsere Website kann grunds\u00c3\u00a4tzlich ohne Registrierung besucht werden. Dabei werden Daten wie beispielsweise aufgerufene Seiten bzw. Namen der abgerufenen Datei, Datum und Uhrzeit zu statistischen Zwecken auf dem Server [&hellip;]<\/p>\n","protected":false},"author":8,"featured_media":0,"parent":0,"menu_order":98,"comment_status":"closed","ping_status":"open","template":"","meta":[],"_links":{"self":[{"href":"https:\/\/www.geas.de\/index.php?rest_route=\/wp\/v2\/pages\/754"}],"collection":[{"href":"https:\/\/www.geas.de\/index.php?rest_route=\/wp\/v2\/pages"}],"about":[{"href":"https:\/\/www.geas.de\/index.php?rest_route=\/wp\/v2\/types\/page"}],"author":[{"embeddable":true,"href":"https:\/\/www.geas.de\/index.php?rest_route=\/wp\/v2\/users\/8"}],"replies":[{"embeddable":true,"href":"https:\/\/www.geas.de\/index.php?rest_route=%2Fwp%2Fv2%2Fcomments&post=754"}],"version-history":[{"count":10,"href":"https:\/\/www.geas.de\/index.php?rest_route=\/wp\/v2\/pages\/754\/revisions"}],"predecessor-version":[{"id":783,"href":"https:\/\/www.geas.de\/index.php?rest_route=\/wp\/v2\/pages\/754\/revisions\/783"}],"wp:attachment":[{"href":"https:\/\/www.geas.de\/index.php?rest_route=%2Fwp%2Fv2%2Fmedia&parent=754"}],"curies":[{"name":"wp","href":"https:\/\/api.w.org\/{rel}","templated":true}]}}